{"id":1063,"date":"2025-02-27T10:26:34","date_gmt":"2025-02-27T09:26:34","guid":{"rendered":"https:\/\/suntexbindingtape.com\/rueckgabebestimmungen\/"},"modified":"2025-11-04T14:40:04","modified_gmt":"2025-11-04T13:40:04","slug":"rueckgabebestimmungen","status":"publish","type":"page","link":"https:\/\/suntexbindingtape.com\/de\/rueckgabebestimmungen\/","title":{"rendered":"R\u00fcckgabebestimmungen"},"content":{"rendered":"<p><!-- \/wp:post-content --><\/p>\n<p><!-- wp:heading {\"level\":3} --><\/p>\n<p>Sollten Sie Ihre Bestellung nicht zu Ihrer Zufriedenheit erhalten haben, k\u00f6nnen Sie innerhalb von 14 Tagen nach Erhalt Ihrer Bestellung eine Beschwerde einreichen oder die R\u00fccksendung anmelden. <\/p>\n<h3>R\u00fccksendung anmelden<\/h3>\n<p>Um Ihre Beschwerde zu besprechen, k\u00f6nnen Sie uns telefonisch oder per E-Mail kontaktieren. Um Ihre R\u00fccksendung schnell und effizient zu bearbeiten, senden Sie bitte eine E-Mail an: info@suntexbindingtape.com<\/p>\n<h3>Bedingungen f\u00fcr die R\u00fccksendung<\/h3>\n<p>Ihre bestellten Suntex-Produkte m\u00fcssen sich im Originalzustand befinden. Wenn das Produkt besch\u00e4digt oder teilweise gebraucht ist, sind wir berechtigt, eine Wertminderung des Produkts in Rechnung zu stellen.<\/p>\n<h3>Versandkosten bei R\u00fccksendung<\/h3>\n<p>Bei R\u00fccksendung von einem oder mehreren Produkten tr\u00e4gt der Kunde die Kosten f\u00fcr die R\u00fccksendung, sofern nichts anderes vereinbart wurde.<\/p>\n<h3>Bearbeitungszeit von R\u00fccksendungen<\/h3>\n<p>Nachdem Ihre R\u00fccksendung unser Lager erreicht hat, kann es einige Werktage dauern, bis diese vollst\u00e4ndig bearbeitet ist.<\/p>\n<h3>R\u00fcckerstattung nach R\u00fccksendung<\/h3>\n<p>Wir werden den Kaufbetrag innerhalb von 7 Tagen zur\u00fcckerstatten, nachdem wir Ihr zur\u00fcckgesandtes Produkt in gutem Zustand erhalten haben. Wir sind bestrebt, den R\u00fcckgabeprozess so reibungslos wie m\u00f6glich zu gestalten.<\/p>\n<p>Pakete, die nicht den oben genannten Bedingungen entsprechen und ohne Benachrichtigung an uns zur\u00fcckgesendet werden, k\u00f6nnen von uns nicht bearbeitet werden.<\/p>\n<p><!-- \/wp:heading --><\/p>\n","protected":false},"excerpt":{"rendered":"<p>Sollten Sie Ihre Bestellung nicht zu Ihrer Zufriedenheit erhalten haben, k\u00f6nnen Sie innerhalb von 14 Tagen nach Erhalt Ihrer Bestellung eine Beschwerde einreichen oder die R\u00fccksendung anmelden. R\u00fccksendung anmelden Um Ihre Beschwerde zu besprechen, k\u00f6nnen Sie uns telefonisch oder per E-Mail kontaktieren. Um Ihre R\u00fccksendung schnell und effizient zu bearbeiten, senden Sie bitte eine E-Mail [&hellip;]<\/p>\n","protected":false},"author":1,"featured_media":0,"parent":0,"menu_order":0,"comment_status":"closed","ping_status":"closed","template":"","meta":{"footnotes":""},"class_list":["post-1063","page","type-page","status-publish","hentry"],"_links":{"self":[{"href":"https:\/\/suntexbindingtape.com\/de\/wp-json\/wp\/v2\/pages\/1063","targetHints":{"allow":["GET"]}}],"collection":[{"href":"https:\/\/suntexbindingtape.com\/de\/wp-json\/wp\/v2\/pages"}],"about":[{"href":"https:\/\/suntexbindingtape.com\/de\/wp-json\/wp\/v2\/types\/page"}],"author":[{"embeddable":true,"href":"https:\/\/suntexbindingtape.com\/de\/wp-json\/wp\/v2\/users\/1"}],"replies":[{"embeddable":true,"href":"https:\/\/suntexbindingtape.com\/de\/wp-json\/wp\/v2\/comments?post=1063"}],"version-history":[{"count":1,"href":"https:\/\/suntexbindingtape.com\/de\/wp-json\/wp\/v2\/pages\/1063\/revisions"}],"predecessor-version":[{"id":1065,"href":"https:\/\/suntexbindingtape.com\/de\/wp-json\/wp\/v2\/pages\/1063\/revisions\/1065"}],"wp:attachment":[{"href":"https:\/\/suntexbindingtape.com\/de\/wp-json\/wp\/v2\/media?parent=1063"}],"curies":[{"name":"wp","href":"https:\/\/api.w.org\/{rel}","templated":true}]}}