{"id":1318,"date":"2025-02-27T10:28:10","date_gmt":"2025-02-27T09:28:10","guid":{"rendered":"https:\/\/suntexbindingtape.com\/datenschutzerklaerung\/"},"modified":"2025-02-27T10:28:10","modified_gmt":"2025-02-27T09:28:10","slug":"datenschutzerklaerung","status":"publish","type":"page","link":"https:\/\/suntexbindingtape.com\/de\/datenschutzerklaerung\/","title":{"rendered":"Datenschutzerkl\u00e4rung"},"content":{"rendered":"<p>\u00dcber diesen Webshop werden auch datenschutzsensible Daten, sogenannte personenbezogene Daten, verarbeitet. W.I.C. BV tr\u00e4gt Sorge f\u00fcr eine sorgf\u00e4ltige Verarbeitung und Sicherung dieser Daten.<\/p>\n<p>Wir halten uns an die Anforderungen, die uns die Datenschutzgesetzgebung auferlegt. Das beinhaltet Folgendes: <\/p>\n<ul>\n<li>Wir geben deutlich an, f\u00fcr welche Zwecke wir personenbezogene Daten verarbeiten. Das tun wir \u00fcber diese Datenschutzerkl\u00e4rung.<\/li>\n<li>Wir beschr\u00e4nken unsere Sammlung von personenbezogenen Daten auf die personenbezogenen Daten, die f\u00fcr legitime Zwecke erforderlich sind.<\/li>\n<li>Wir bitten Sie zuerst um ausdr\u00fcckliche Zustimmung zur Verarbeitung Ihrer personenbezogenen Daten in F\u00e4llen, in denen Ihre Zustimmung erforderlich ist.<\/li>\n<li>Wir ergreifen geeignete Sicherheitsma\u00dfnahmen, um Ihre personenbezogenen Daten zu sch\u00fctzen, und fordern dies auch von Parteien, die in unserem Auftrag personenbezogene Daten verarbeiten.<\/li>\n<li>Wir respektieren Ihr Recht, Ihre personenbezogenen Daten auf Ihre Anfrage hin einzusehen, zu korrigieren oder zu l\u00f6schen.<\/li>\n<\/ul>\n<p>W.I.C. BV ist f\u00fcr die Datenverarbeitung verantwortlich. Im Folgenden erl\u00e4utern wir, welche personenbezogenen Daten wir sammeln, verwenden und zu welchem Zweck. Bitte lesen Sie dies aufmerksam durch:<\/p>\n<h3>Verwendung von personenbezogenen Daten:<\/h3>\n<p>Bei einem Besuch in unserem Webshop erhalten wir bestimmte Daten von Ihnen. Dies k\u00f6nnen personenbezogene Daten sein. Wir speichern und verwenden ausschlie\u00dflich die personenbezogenen Daten, die von Ihnen im Rahmen der von Ihnen angeforderten Dienstleistung angegeben werden oder von denen bei Angabe deutlich ist, dass diese uns zur Verf\u00fcgung gestellt werden. Wir verwenden die folgenden Daten f\u00fcr die in dieser Datenschutzerkl\u00e4rung genannten Daten:<\/p>\n<ul>\n<li>NAW-Daten<\/li>\n<li>Telefonnummer<\/li>\n<li>Rechnungsadresse<\/li>\n<li>E-Mail-Adresse<\/li>\n<li>Zahlungsdaten<\/li>\n<li>Geschlecht<\/li>\n<li>Geburtsdatum<\/li>\n<li>IP-Adresse<\/li>\n<\/ul>\n<h3>Als Betroffener haben Sie die folgenden Rechte:<\/h3>\n<p>Gem\u00e4\u00df Art. 15 DSGVO haben Sie das Recht, Auskunft \u00fcber Ihre personenbezogenen Daten, die von uns verarbeitet werden, zu verlangen, soweit diese Informationen darin beschrieben sind; gem\u00e4\u00df Art. 16 DSGVO haben Sie das Recht, die unverz\u00fcgliche Berichtigung unrichtiger oder unvollst\u00e4ndiger personenbezogener Daten, die von uns gespeichert werden, zu verlangen; gem\u00e4\u00df Art. 17 DSGVO haben Sie das Recht, die L\u00f6schung Ihrer bei uns gespeicherten personenbezogenen Daten zu verlangen, es sei denn, die weitere Verarbeitung<\/p>\n<ul>\n<li>zur Aus\u00fcbung des Rechts auf freie Meinungs\u00e4u\u00dferung und Information erforderlich ist;<\/li>\n<li>zur Erf\u00fcllung einer rechtlichen Verpflichtung erforderlich ist;<\/li>\n<li>aus Gr\u00fcnden des \u00f6ffentlichen Interesses erforderlich ist oder\u2028- zur Geltendmachung, Aus\u00fcbung oder Verteidigung von Rechtsanspr\u00fcchen erforderlich ist; gem\u00e4\u00df Art. 18 DSGVO, das Recht, die Einschr\u00e4nkung der Verarbeitung Ihrer personenbezogenen Daten zu verlangen, soweit<\/li>\n<li>Sie die Richtigkeit der Daten bestreiten;<\/li>\n<li>die Verarbeitung unrechtm\u00e4\u00dfig ist, Sie sich aber weigern, diese zu l\u00f6schen;<\/li>\n<li>wir die Daten nicht l\u00e4nger ben\u00f6tigen, Sie diese aber zur Geltendmachung, Aus\u00fcbung oder Verteidigung von Rechtsanspr\u00fcchen ben\u00f6tigen, oder\u2028- Sie Widerspruch gegen die Verarbeitung gem\u00e4\u00df Art. 21 DSGVO eingelegt haben; gem\u00e4\u00df Art. 20 DSGVO haben Sie das Recht, Ihre personenbezogenen Daten, die Sie uns bereitgestellt haben, in einem strukturierten, aktuellen und maschinenlesbaren Format zu erhalten oder die \u00dcbertragung an einen anderen Verantwortlichen zu verlangen; Das Recht, gem\u00e4\u00df Art. 77 DSGVO eine Beschwerde bei einer Aufsichtsbeh\u00f6rde einzureichen. In der Regel k\u00f6nnen Sie sich an die Aufsichtsbeh\u00f6rde Ihres \u00fcblichen Wohn- oder Arbeitsortes oder unseres Hauptsitzes wenden.<\/li>\n<\/ul>\n<h3>Zugang Kontoumgebung<\/h3>\n<p>Mit unserem Kundenkonto k\u00f6nnen Sie auf eine Verwaltungsumgebung zugreifen, in der Sie selbst Daten einstellen, angeben und \u00e4ndern k\u00f6nnen.<\/p>\n<ul>\n<li>Zwecke<\/li>\n<li>Abwicklung Bestellung<\/li>\n<li>Um die Bestellung korrekt abwickeln zu k\u00f6nnen, verwenden wir Ihre NAW-Daten.<\/li>\n<li>Abwicklung Zahlungsverkehr. Um die Zahlung der Bestellung korrekt abwickeln zu k\u00f6nnen, verwenden wir Ihre Zahlungsdaten.<\/li>\n<\/ul>\n<h3>Kommunikation<\/h3>\n<p>Um die Kommunikation bez\u00fcglich Ihrer Bestellung und\/oder anderer Fragen einfach zu gestalten, verwenden wir Ihre personenbezogenen Daten\/Kontaktdaten.<\/p>\n<h3>Erf\u00fcllung gesetzlicher Pflicht<\/h3>\n<p>Um unserer gesetzlichen Pflicht nachzukommen, bewahren wir Ihre Bestellhistorie einschlie\u00dflich Zahlungsdaten innerhalb der gesetzlichen Frist auf.<\/p>\n<h3>Marketing (sofern Zustimmung)<\/h3>\n<p>Um Ihnen pers\u00f6nliche Angebote zukommen lassen zu k\u00f6nnen, verwenden wir Ihre personenbezogenen Daten\/Kontaktdaten. Diese Daten werden nur verwendet, wenn Sie hierzu Ihre Zustimmung gegeben haben.<\/p>\n<h3>Fraudepr\u00e4vention<\/h3>\n<p>Zum Zwecke der Betrugspr\u00e4vention verwenden wir, sofern ein berechtigtes Interesse besteht, Ihre IP-Adresse, Adressdaten und Zahlungsdaten.<br \/>Sofern dies f\u00fcr eine ordnungsgem\u00e4\u00dfe Abwicklung Ihrer Bestellung erforderlich ist, k\u00f6nnen wir Ihre personenbezogenen Daten auch an Dritte weitergeben. Hier\u00fcber lesen Sie mehr in dieser Datenschutzerkl\u00e4rung.<\/p>\n<h3>Reklame<\/h3>\n<p>Wir k\u00f6nnen Sie nach Ihrer Zustimmung auf Websites von Dritten und per E-Mail-Marketing \u00fcber Aktionen, Angebote und Kampagnen von W.I.C. BV informieren.<\/p>\n<h3>Kontakt und Newsletter<\/h3>\n<p>Wir bieten \u00fcber unseren Webshop die M\u00f6glichkeit, Fragen \u00fcber verschiedene Kan\u00e4le zu stellen. Sie w\u00e4hlen selbst, welche Daten Sie dabei angeben. Die Daten, die Sie uns zusenden, werden so lange aufbewahrt, wie dies f\u00fcr die vollst\u00e4ndige Beantwortung und Abwicklung Ihrer Frage erforderlich ist. Wir bieten einen Newsletter an, mit dem wir Interessenten \u00fcber unsere Produkte und\/oder Dienstleistungen informieren m\u00f6chten. Ebenfalls versenden wir (kommerzielle) Newsletter an bestehende Kunden zum Zwecke eigener gleichartiger Produkte oder Dienstleistungen. Jeder Newsletter enth\u00e4lt einen Link, mit dem Sie sich abmelden k\u00f6nnen.<\/p>\n<h3>Publikation<\/h3>\n<p>Wir ver\u00f6ffentlichen Ihre Kundendaten nicht.<\/p>\n<h3>Weitergabe an Dritte<\/h3>\n<p>Wir k\u00f6nnen Ihre Daten an unsere Partner weitergeben. Diese Partner sind an der Durchf\u00fchrung des Vertrags beteiligt und d\u00fcrfen unter keinen Umst\u00e4nden Daten f\u00fcr andere Zwecke verwenden als von uns festgelegt. Die sichere Verarbeitung Ihrer Daten wird mittels einer Verarbeitungsvereinbarung zwischen W.I.C. BV HANDELSONDERNEMING BV und dem Partner gew\u00e4hrleistet. In unserem Webshop sind Social-Media-Buttons enthalten. Diese Buttons stellen lediglich einen Link bereit und geben keine personenbezogenen Daten an Dritte weiter. Mit der M\u00f6glichkeit, sich \u00fcber ein Social-Media-Konto einzuloggen, wird von der Social-Media-Partei die E-Mail-Adresse weitergegeben, die zum Benutzerkonto geh\u00f6rt.<\/p>\n<h3>Cookies<\/h3>\n<p>Wenn Sie unseren Webshop zum ersten Mal besuchen, wird eine Mitteilung angezeigt, in der wir Ihnen erkl\u00e4ren, warum wir Cookies verwenden (der Cookie-Banner). Die weitere Nutzung unseres Webshops werten wir als Zustimmung zur Verwendung von Cookies. Es steht Ihnen frei, Cookies \u00fcber Ihren Internetbrowser zu deaktivieren. Bitte beachten Sie jedoch, dass es m\u00f6glich ist, dass unsere Website dann nicht mehr optimal funktioniert.<\/p>\n<h3>Google Analytics<\/h3>\n<p>Wir verwenden Google Analytics, um zu verfolgen, wie Besucher unsere Website nutzen. Wir haben eine Verarbeitungsvereinbarung mit Google geschlossen, um Vereinbarungen \u00fcber den Umgang mit unseren Daten zu treffen. Weiterhin haben wir Google nicht gestattet, die erhaltenen Informationen f\u00fcr andere Google-Dienste zu verwenden. Schlie\u00dflich lassen wir die IP-Adressen anonymisieren.<\/p>\n<h3>Sicherheit<\/h3>\n<p>Wir ergreifen Sicherheitsma\u00dfnahmen, um Missbrauch von und unbefugten Zugriff auf personenbezogene Daten zu beschr\u00e4nken.<\/p>\n<h3>Aufbewahrungsfristen<\/h3>\n<p>Die oben beschriebenen personenbezogenen Daten werden so lange aufbewahrt, wie dies zur Abwicklung Ihrer Bestellung(en) erforderlich ist, einschlie\u00dflich Garantie, es sei denn, es besteht eine gesetzliche Pflicht, die eine l\u00e4ngere Aufbewahrung erfordert (wie z. B. die steuerliche Aufbewahrungspflicht).<\/p>\n<h3>\u00c4nderungen in dieser Datenschutzerkl\u00e4rung<\/h3>\n<p>Wir behalten uns das Recht vor, \u00c4nderungen an dieser Datenschutzerkl\u00e4rung vorzunehmen. Es wird empfohlen, diese Datenschutzerkl\u00e4rung regelm\u00e4\u00dfig zu konsultieren, damit Sie \u00fcber diese \u00c4nderungen informiert sind.<\/p>\n<h3>Autoriteit Persoonsgegevens<\/h3>\n<p>Selbstverst\u00e4ndlich helfen wir Ihnen gerne weiter, wenn Sie Beschwerden \u00fcber die Verarbeitung Ihrer personenbezogenen Daten haben. Aufgrund der Datenschutzgesetzgebung haben Sie auch das Recht, eine Beschwerde bei der Autoriteit Persoonsgegevens gegen diese Verarbeitungen von personenbezogenen Daten einzureichen. Sie k\u00f6nnen hierf\u00fcr Kontakt mit der Autoriteit Persoonsgegevens aufnehmen.<\/p>\n<p><em>Zuletzt bearbeitet am 19.05.2025<\/em><\/p>\n","protected":false},"excerpt":{"rendered":"<p>\u00dcber diesen Webshop werden auch datenschutzsensible Daten, sogenannte personenbezogene Daten, verarbeitet. W.I.C. BV tr\u00e4gt Sorge f\u00fcr eine sorgf\u00e4ltige Verarbeitung und Sicherung dieser Daten. Wir halten uns an die Anforderungen, die uns die Datenschutzgesetzgebung auferlegt. Das beinhaltet Folgendes: Wir geben deutlich an, f\u00fcr welche Zwecke wir personenbezogene Daten verarbeiten. Das tun wir \u00fcber diese Datenschutzerkl\u00e4rung. Wir [&hellip;]<\/p>\n","protected":false},"author":1,"featured_media":0,"parent":0,"menu_order":0,"comment_status":"closed","ping_status":"closed","template":"","meta":{"footnotes":""},"class_list":["post-1318","page","type-page","status-publish","hentry"],"_links":{"self":[{"href":"https:\/\/suntexbindingtape.com\/de\/wp-json\/wp\/v2\/pages\/1318","targetHints":{"allow":["GET"]}}],"collection":[{"href":"https:\/\/suntexbindingtape.com\/de\/wp-json\/wp\/v2\/pages"}],"about":[{"href":"https:\/\/suntexbindingtape.com\/de\/wp-json\/wp\/v2\/types\/page"}],"author":[{"embeddable":true,"href":"https:\/\/suntexbindingtape.com\/de\/wp-json\/wp\/v2\/users\/1"}],"replies":[{"embeddable":true,"href":"https:\/\/suntexbindingtape.com\/de\/wp-json\/wp\/v2\/comments?post=1318"}],"version-history":[{"count":0,"href":"https:\/\/suntexbindingtape.com\/de\/wp-json\/wp\/v2\/pages\/1318\/revisions"}],"wp:attachment":[{"href":"https:\/\/suntexbindingtape.com\/de\/wp-json\/wp\/v2\/media?parent=1318"}],"curies":[{"name":"wp","href":"https:\/\/api.w.org\/{rel}","templated":true}]}}